{"id":55665,"date":"2022-09-21T10:42:50","date_gmt":"2022-09-21T08:42:50","guid":{"rendered":"https:\/\/plastium.com\/qualitaetssicherung\/"},"modified":"2026-04-21T13:15:07","modified_gmt":"2026-04-21T11:15:07","slug":"quality-assurance","status":"publish","type":"page","link":"https:\/\/plastium.com\/en\/quality-assurance\/","title":{"rendered":"Quality assurance"},"content":{"rendered":"<p>[et_pb_section fb_built=&#8221;1&#8243; module_class=&#8221;main_secondary_section white_text&#8221; _builder_version=&#8221;4.21.0&#8243; _module_preset=&#8221;default&#8221; background_image=&#8221;https:\/\/www.plastium.com\/wp-content\/uploads\/2022\/09\/modern-interior-kitchen-with-living-room-1-1.png&#8221; global_colors_info=&#8221;{}&#8221;][et_pb_row _builder_version=&#8221;4.18.0&#8243; _module_preset=&#8221;default&#8221; global_colors_info=&#8221;{}&#8221;][et_pb_column type=&#8221;4_4&#8243; _builder_version=&#8221;4.18.0&#8243; _module_preset=&#8221;default&#8221; global_colors_info=&#8221;{}&#8221;][et_pb_text module_class=&#8221;mb10 common_htags&#8221; _builder_version=&#8221;4.21.0&#8243; _module_preset=&#8221;default&#8221; global_colors_info=&#8221;{}&#8221;]<\/p>\n<h1>Quality assurance<\/h1>\n<p>[\/et_pb_text][\/et_pb_column][\/et_pb_row][\/et_pb_section][et_pb_section fb_built=&#8221;1&#8243; _builder_version=&#8221;4.18.0&#8243; _module_preset=&#8221;default&#8221; global_colors_info=&#8221;{}&#8221;][et_pb_row column_structure=&#8221;1_2,1_2&#8243; use_custom_gutter=&#8221;on&#8221; module_class=&#8221;mobile_flex_row&#8221; _builder_version=&#8221;4.18.0&#8243; _module_preset=&#8221;default&#8221; global_colors_info=&#8221;{}&#8221;][et_pb_column type=&#8221;1_2&#8243; module_class=&#8221;mobile_flex_row_col&#8221; _builder_version=&#8221;4.18.0&#8243; _module_preset=&#8221;default&#8221; global_colors_info=&#8221;{}&#8221;][et_pb_text module_class=&#8221;common_htags fonts_20&#8243; _builder_version=&#8221;4.21.0&#8243; _module_preset=&#8221;default&#8221; global_colors_info=&#8221;{}&#8221;]<\/p>\n<h2>CAQ Quality Management for Your Success<\/h2>\n<p>In addition to an integrated CAQ system, in which all quality-relevant data is recorded and documented, our measuring technology uses modern testing equipment such as measuring microscopes, digital measuring projectors, optical and tactile 3D coordinate measuring machines, as well as AI-controlled image recognition to validate component dimensions.\u00a0<\/p>\n<p>[\/et_pb_text][et_pb_code _builder_version=&#8221;4.27.6&#8243; _module_preset=&#8221;default&#8221; hover_enabled=&#8221;0&#8243; locked=&#8221;off&#8221; global_colors_info=&#8221;{}&#8221; sticky_enabled=&#8221;0&#8243;]<\/p>\n<div class=\"en_read_more_text\" style=\"display: none;\"><!-- [et_pb_line_break_holder] --><pee>The measurement data recorded in the CAQ system can be evaluated at any time and made available to the customer. If required, quality certificates can be created for the delivered products. With our CAQ system we ensure that your future components will permanently convince in quality and price.<\/pee> <!-- [et_pb_line_break_holder] --><\/div>\n<p><!-- [et_pb_line_break_holder] --><a class=\"en_read_more_btn\" href=\"javascript:void(0);\">Read more<\/a>[\/et_pb_code][\/et_pb_column][et_pb_column type=&#8221;1_2&#8243; _builder_version=&#8221;4.18.0&#8243; _module_preset=&#8221;default&#8221; global_colors_info=&#8221;{}&#8221;][et_pb_image src=&#8221;https:\/\/www.plastium.com\/wp-content\/uploads\/2022\/09\/image-66-13.png&#8221; title_text=&#8221;image 66 (13)&#8221; module_class=&#8221;full_image_width block_img  block_img1 obj_fit&#8221; _builder_version=&#8221;4.21.0&#8243; _module_preset=&#8221;default&#8221; height=&#8221;450px&#8221; height_tablet=&#8221;450px&#8221; height_phone=&#8221;450px&#8221; height_last_edited=&#8221;on|desktop&#8221; global_colors_info=&#8221;{}&#8221;][\/et_pb_image][\/et_pb_column][\/et_pb_row][\/et_pb_section][et_pb_section fb_built=&#8221;1&#8243; module_class=&#8221;mb80&#8243; _builder_version=&#8221;4.18.0&#8243; _module_preset=&#8221;default&#8221; use_background_color_gradient=&#8221;on&#8221; background_color_gradient_direction=&#8221;90deg&#8221; background_color_gradient_stops=&#8221;#ffffff 42%|#f8f8f8 42%&#8221; background_color_gradient_overlays_image=&#8221;on&#8221; background_enable_image=&#8221;off&#8221; background_size=&#8221;initial&#8221; background_position=&#8221;top_right&#8221; custom_margin=&#8221;20px||||false|false&#8221; locked=&#8221;off&#8221; global_colors_info=&#8221;{}&#8221;][et_pb_row column_structure=&#8221;1_2,1_2&#8243; use_custom_gutter=&#8221;on&#8221; gutter_width=&#8221;2&#8243; _builder_version=&#8221;4.18.0&#8243; _module_preset=&#8221;default&#8221; global_colors_info=&#8221;{}&#8221;][et_pb_column type=&#8221;1_2&#8243; _builder_version=&#8221;4.18.0&#8243; _module_preset=&#8221;default&#8221; global_colors_info=&#8221;{}&#8221;][et_pb_image src=&#8221;https:\/\/www.plastium.com\/wp-content\/uploads\/2022\/09\/image-66-2.png&#8221; title_text=&#8221;image 66 (2)&#8221; module_class=&#8221;full_image_width obj_fit&#8221; _builder_version=&#8221;4.21.0&#8243; _module_preset=&#8221;default&#8221; height=&#8221;663px&#8221; height_tablet=&#8221;580px&#8221; height_phone=&#8221;580px&#8221; height_last_edited=&#8221;on|desktop&#8221; global_colors_info=&#8221;{}&#8221;][\/et_pb_image][\/et_pb_column][et_pb_column type=&#8221;1_2&#8243; _builder_version=&#8221;4.18.0&#8243; _module_preset=&#8221;default&#8221; global_colors_info=&#8221;{}&#8221;][et_pb_text module_class=&#8221;common_htags fonts_20&#8243; _builder_version=&#8221;4.21.0&#8243; _module_preset=&#8221;default&#8221; global_colors_info=&#8221;{}&#8221;]<\/p>\n<h2>CAQ Quality Management for Your Success<\/h2>\n<p>The quality of your parts and assemblies can be measured on the basis of many criteria. From well thought-out, quality-conscious development to the selection of the right plastics to the appropriate manufacturing process, there are many places to start. This is exactly what Plastium does for you systematically in order to assure you of the highest quality in all phases of development and production.<\/p>\n<p>The quality of your parts and assemblies can be measured on the basis of many criteria. From well thought-out, quality-conscious development to the selection of the right plastics to the appropriate manufacturing process, there are many places to start. This is exactly what Plastium does for you systematically in order to assure you of the highest quality in all phases of development and production.[\/et_pb_text][\/et_pb_column][\/et_pb_row][\/et_pb_section][et_pb_section fb_built=&#8221;1&#8243; module_class=&#8221;unendliche_section white_text&#8221; _builder_version=&#8221;4.18.0&#8243; _module_preset=&#8221;default&#8221; background_image=&#8221;https:\/\/www.plastium.com\/wp-content\/uploads\/2022\/09\/bg_sec_img.jpg&#8221; global_colors_info=&#8221;{}&#8221;][et_pb_row module_class=&#8221;unendliche_section_row&#8221; _builder_version=&#8221;4.18.0&#8243; _module_preset=&#8221;default&#8221; global_colors_info=&#8221;{}&#8221;][et_pb_column type=&#8221;4_4&#8243; _builder_version=&#8221;4.18.0&#8243; _module_preset=&#8221;default&#8221; global_colors_info=&#8221;{}&#8221;][et_pb_text module_class=&#8221;text_center common_htags fonts_20&#8243; _builder_version=&#8221;4.21.0&#8243; _module_preset=&#8221;default&#8221; global_colors_info=&#8221;{}&#8221;]<\/p>\n<h2>Learn more about modern quality assurance now<\/h2>\n<p>If you want to assure yourself and your customers of the highest level of safety in the area of product quality, Plastium is the right company for you. Learn more about modern CAQ quality management in a personal meeting. We will familiarize you with the technical basics and our various measuring instruments so that you do not have to compromise on your next series production.[\/et_pb_text][et_pb_button button_url=&#8221;\/en\/contact\/&#8221; button_text=&#8221;Contact us&#8221; button_alignment=&#8221;center&#8221; module_class=&#8221;common_button_white&#8221; _builder_version=&#8221;4.21.0&#8243; _module_preset=&#8221;default&#8221; global_colors_info=&#8221;{}&#8221;][\/et_pb_button][\/et_pb_column][\/et_pb_row][\/et_pb_section][et_pb_section fb_built=&#8221;1&#8243; _builder_version=&#8221;4.18.0&#8243; _module_preset=&#8221;default&#8221; use_background_color_gradient=&#8221;on&#8221; background_color_gradient_direction=&#8221;90deg&#8221; background_color_gradient_stops=&#8221;#f8f8f8 60%|#ffffff 60%&#8221; background_color_gradient_overlays_image=&#8221;on&#8221; background_enable_image=&#8221;off&#8221; background_size=&#8221;initial&#8221; background_position=&#8221;top_right&#8221; locked=&#8221;off&#8221; global_colors_info=&#8221;{}&#8221;][et_pb_row column_structure=&#8221;1_2,1_2&#8243; use_custom_gutter=&#8221;on&#8221; gutter_width=&#8221;2&#8243; _builder_version=&#8221;4.18.0&#8243; _module_preset=&#8221;default&#8221; global_colors_info=&#8221;{}&#8221;][et_pb_column type=&#8221;1_2&#8243; _builder_version=&#8221;4.18.0&#8243; _module_preset=&#8221;default&#8221; global_colors_info=&#8221;{}&#8221;][et_pb_text module_class=&#8221;common_htags fonts_20&#8243; _builder_version=&#8221;4.21.0&#8243; _module_preset=&#8221;default&#8221; global_colors_info=&#8221;{}&#8221;]<\/p>\n<h2>Precise measurement data through our CAQ system<\/h2>\n<p>The basis of our quality assurance is an integrated CAQ system that records all data relevant to the quality of your plastic products. Through detailed documentation, all key figures and characteristics can be reliably recorded in order to use them as a basis for future improvements.<\/p>\n<p> State-of-the-art inspection equipment such as proven measuring microscopes, digital measuring projectors and tactile 3D coordinate measuring machines ensure measured values of the highest precision.[\/et_pb_text][et_pb_code _builder_version=&#8221;4.21.0&#8243; _module_preset=&#8221;default&#8221; locked=&#8221;off&#8221; global_colors_info=&#8221;{}&#8221;]<\/p>\n<div class=\"en_read_more_text\" style=\"display: none;\"><!-- [et_pb_line_break_holder] -->  <pee><!-- [et_pb_line_break_holder] -->   The interaction of the measuring instruments serves to ensure exact component dimensions. As <!-- [et_pb_line_break_holder] -->early as the design phase, care is taken to ensure that relevant test dimensions can ideally be recorded during production. We are happy to transmit the measurement data recorded by our CAQ system to you at any time. If you need an appropriate document to prove accuracy and quality to your partners and customers, we will be happy to create it for you. With us, quality becomes verifiable to confirm customer confidence in you and your products.<!-- [et_pb_line_break_holder] -->  <\/pee><!-- [et_pb_line_break_holder] --><\/div>\n<p><!-- [et_pb_line_break_holder] --><a class=\"en_read_more_btn\" href=\"javascript:void(0);\">Read more<\/a>[\/et_pb_code][\/et_pb_column][et_pb_column type=&#8221;1_2&#8243; _builder_version=&#8221;4.18.0&#8243; _module_preset=&#8221;default&#8221; global_colors_info=&#8221;{}&#8221;][et_pb_image src=&#8221;https:\/\/www.plastium.com\/wp-content\/uploads\/2023\/06\/qualitaetssicherung.jpg&#8221; title_text=&#8221;qualitaetssicherung&#8221; module_class=&#8221;full_image_width obj_fit&#8221; _builder_version=&#8221;4.21.0&#8243; _module_preset=&#8221;default&#8221; height=&#8221;455px&#8221; height_tablet=&#8221;455px&#8221; height_phone=&#8221;455px&#8221; height_last_edited=&#8221;on|desktop&#8221; global_colors_info=&#8221;{}&#8221;][\/et_pb_image][\/et_pb_column][\/et_pb_row][\/et_pb_section][et_pb_section fb_built=&#8221;1&#8243; _builder_version=&#8221;4.18.0&#8243; _module_preset=&#8221;default&#8221; custom_padding=&#8221;||||false|false&#8221; global_colors_info=&#8221;{}&#8221;][et_pb_row _builder_version=&#8221;4.18.0&#8243; _module_preset=&#8221;default&#8221; global_colors_info=&#8221;{}&#8221;][et_pb_column type=&#8221;4_4&#8243; _builder_version=&#8221;4.18.0&#8243; _module_preset=&#8221;default&#8221; global_colors_info=&#8221;{}&#8221;][et_pb_text module_class=&#8221;common_htags fonts_20&#8243; _builder_version=&#8221;4.18.0&#8243; _module_preset=&#8221;default&#8221; text_orientation=&#8221;center&#8221; locked=&#8221;off&#8221; global_colors_info=&#8221;{}&#8221;]<\/p>\n<h2>FAQ<\/h2>\n<p>[\/et_pb_text][\/et_pb_column][\/et_pb_row][et_pb_row use_custom_gutter=&#8221;on&#8221; gutter_width=&#8221;2&#8243; _builder_version=&#8221;4.18.0&#8243; _module_preset=&#8221;default&#8221; global_colors_info=&#8221;{}&#8221;][et_pb_column type=&#8221;4_4&#8243; _builder_version=&#8221;4.18.0&#8243; _module_preset=&#8221;default&#8221; global_colors_info=&#8221;{}&#8221;][et_pb_toggle title=&#8221;Is product development possible without accompanying quality assurance?&#8221; icon_color=&#8221;#00adde&#8221; toggle_icon=&#8221;&#xf067;||fa||900&#8243; open_icon_color=&#8221;#00adde&#8221; open_toggle_icon=&#8221;&#xf068;||fa||900&#8243; module_class=&#8221;toggle_style1&#8243; _builder_version=&#8221;4.21.0&#8243; _module_preset=&#8221;default&#8221; title_font_size=&#8221;20px&#8221; body_font=&#8221;|300|||||||&#8221; body_text_color=&#8221;#5b6564&#8243; body_font_size=&#8221;20px&#8221; body_letter_spacing=&#8221;0.02em&#8221; background_color=&#8221;RGBA(255,255,255,0)&#8221; border_radii=&#8221;on|6px|6px|6px|6px&#8221; border_color_all=&#8221;rgba(0,0,0,0.2)&#8221; global_colors_info=&#8221;{}&#8221;]As a rule, Plastium incorporates quality assurance directly into the development and design of new products. Perhaps you have previously opted for in-house development and would now like to check whether it meets the quality standards you hoped for? Of course we can do this check for you, even if we were not involved in the development of the products ourselves.[\/et_pb_toggle][et_pb_toggle title=&#8221;What are the advantages of integrating the QA system into the entire process chain?&#8221; icon_color=&#8221;#00adde&#8221; toggle_icon=&#8221;&#xf067;||fa||900&#8243; open_icon_color=&#8221;#00adde&#8221; open_toggle_icon=&#8221;&#xf068;||fa||900&#8243; module_class=&#8221;toggle_style1&#8243; _builder_version=&#8221;4.21.0&#8243; _module_preset=&#8221;default&#8221; title_font_size=&#8221;20px&#8221; body_font=&#8221;|300|||||||&#8221; body_text_color=&#8221;#5b6564&#8243; body_font_size=&#8221;20px&#8221; body_letter_spacing=&#8221;0.02em&#8221; background_color=&#8221;RGBA(255,255,255,0)&#8221; border_radii=&#8221;on|6px|6px|6px|6px&#8221; border_color_all=&#8221;rgba(0,0,0,0.2)&#8221; locked=&#8221;off&#8221; global_colors_info=&#8221;{}&#8221;]<\/p>\n<ul>\n<li>Earliest possible QA at the point of fault occurrence<\/li>\n<li>Significantly reduced costs due to automation of inspections<\/li>\n<\/ul>\n<p>[\/et_pb_toggle][et_pb_toggle title=&#8221;What methods are used with Plastium?&#8221; icon_color=&#8221;#00adde&#8221; toggle_icon=&#8221;&#xf067;||fa||900&#8243; open_icon_color=&#8221;#00adde&#8221; open_toggle_icon=&#8221;&#xf068;||fa||900&#8243; module_class=&#8221;toggle_style1&#8243; _builder_version=&#8221;4.21.0&#8243; _module_preset=&#8221;default&#8221; title_font_size=&#8221;20px&#8221; body_font=&#8221;|300|||||||&#8221; body_text_color=&#8221;#5b6564&#8243; body_font_size=&#8221;20px&#8221; body_letter_spacing=&#8221;0.02em&#8221; background_color=&#8221;RGBA(255,255,255,0)&#8221; border_radii=&#8221;on|6px|6px|6px|6px&#8221; border_color_all=&#8221;rgba(0,0,0,0.2)&#8221; global_colors_info=&#8221;{}&#8221;]In addition to traditional systems such as coordinate measuring machines, measuring microscopes and projectors, etc., the latest methods of AI technology are applied (e.g. self-learning image recognition combined with 6-axis robotics).[\/et_pb_toggle][\/et_pb_column][\/et_pb_row][\/et_pb_section]<\/p>\n","protected":false},"excerpt":{"rendered":"<p>Quality assuranceCAQ Quality Management for Your Success In addition to an integrated CAQ system, in which all quality-relevant data is recorded and documented, our measuring technology uses modern testing equipment such as measuring microscopes, digital measuring projectors, optical and tactile 3D coordinate measuring machines, as well as AI-controlled image recognition to validate component dimensions.\u00a0CAQ Quality [&hellip;]<\/p>\n","protected":false},"author":3,"featured_media":0,"parent":0,"menu_order":0,"comment_status":"closed","ping_status":"closed","template":"","meta":{"_et_pb_use_builder":"on","_et_pb_old_content":"","_et_gb_content_width":"","footnotes":""},"class_list":["post-55665","page","type-page","status-publish","hentry"],"yoast_head":"<!-- This site is optimized with the Yoast SEO plugin v27.4 - https:\/\/yoast.com\/product\/yoast-seo-wordpress\/ -->\n<title>Quality assurance - Plastium<\/title>\n<meta name=\"description\" content=\"Mit unserem CAQ-System stellen wir sicher, dass Ihre zuk\u00fcnftigen Bauteile in Qualit\u00e4t und Preis dauerhaft \u00fcberzeugen werden.\" \/>\n<meta name=\"robots\" content=\"index, follow, max-snippet:-1, max-image-preview:large, max-video-preview:-1\" \/>\n<link rel=\"canonical\" href=\"https:\/\/plastium.com\/en\/quality-assurance\/\" \/>\n<meta property=\"og:locale\" content=\"en_US\" \/>\n<meta property=\"og:type\" content=\"article\" \/>\n<meta property=\"og:title\" content=\"Quality assurance - Plastium\" \/>\n<meta property=\"og:description\" content=\"Mit unserem CAQ-System stellen wir sicher, dass Ihre zuk\u00fcnftigen Bauteile in Qualit\u00e4t und Preis dauerhaft \u00fcberzeugen werden.\" \/>\n<meta property=\"og:url\" content=\"https:\/\/plastium.com\/en\/quality-assurance\/\" \/>\n<meta property=\"og:site_name\" content=\"Plastium\" \/>\n<meta property=\"article:modified_time\" content=\"2026-04-21T11:15:07+00:00\" \/>\n<meta name=\"twitter:card\" content=\"summary_large_image\" \/>\n<meta name=\"twitter:label1\" content=\"Est. reading time\" \/>\n\t<meta name=\"twitter:data1\" content=\"4 minutes\" \/>\n<script type=\"application\/ld+json\" class=\"yoast-schema-graph\">{\"@context\":\"https:\\\/\\\/schema.org\",\"@graph\":[{\"@type\":\"WebPage\",\"@id\":\"https:\\\/\\\/plastium.com\\\/en\\\/quality-assurance\\\/\",\"url\":\"https:\\\/\\\/plastium.com\\\/en\\\/quality-assurance\\\/\",\"name\":\"Quality assurance - Plastium\",\"isPartOf\":{\"@id\":\"https:\\\/\\\/www.plastium.com\\\/en\\\/#website\"},\"datePublished\":\"2022-09-21T08:42:50+00:00\",\"dateModified\":\"2026-04-21T11:15:07+00:00\",\"description\":\"Mit unserem CAQ-System stellen wir sicher, dass Ihre zuk\u00fcnftigen Bauteile in Qualit\u00e4t und Preis dauerhaft \u00fcberzeugen werden.\",\"breadcrumb\":{\"@id\":\"https:\\\/\\\/plastium.com\\\/en\\\/quality-assurance\\\/#breadcrumb\"},\"inLanguage\":\"en-US\",\"potentialAction\":[{\"@type\":\"ReadAction\",\"target\":[\"https:\\\/\\\/plastium.com\\\/en\\\/quality-assurance\\\/\"]}]},{\"@type\":\"BreadcrumbList\",\"@id\":\"https:\\\/\\\/plastium.com\\\/en\\\/quality-assurance\\\/#breadcrumb\",\"itemListElement\":[{\"@type\":\"ListItem\",\"position\":1,\"name\":\"Startseite\",\"item\":\"https:\\\/\\\/plastium.com\\\/en\\\/home\\\/\"},{\"@type\":\"ListItem\",\"position\":2,\"name\":\"Quality assurance\"}]},{\"@type\":\"WebSite\",\"@id\":\"https:\\\/\\\/www.plastium.com\\\/en\\\/#website\",\"url\":\"https:\\\/\\\/www.plastium.com\\\/en\\\/\",\"name\":\"Plastium\",\"description\":\"Innovative Spritzgusstechnik\",\"potentialAction\":[{\"@type\":\"SearchAction\",\"target\":{\"@type\":\"EntryPoint\",\"urlTemplate\":\"https:\\\/\\\/www.plastium.com\\\/en\\\/?s={search_term_string}\"},\"query-input\":{\"@type\":\"PropertyValueSpecification\",\"valueRequired\":true,\"valueName\":\"search_term_string\"}}],\"inLanguage\":\"en-US\"}]}<\/script>\n<!-- \/ Yoast SEO plugin. -->","yoast_head_json":{"title":"Quality assurance - Plastium","description":"Mit unserem CAQ-System stellen wir sicher, dass Ihre zuk\u00fcnftigen Bauteile in Qualit\u00e4t und Preis dauerhaft \u00fcberzeugen werden.","robots":{"index":"index","follow":"follow","max-snippet":"max-snippet:-1","max-image-preview":"max-image-preview:large","max-video-preview":"max-video-preview:-1"},"canonical":"https:\/\/plastium.com\/en\/quality-assurance\/","og_locale":"en_US","og_type":"article","og_title":"Quality assurance - Plastium","og_description":"Mit unserem CAQ-System stellen wir sicher, dass Ihre zuk\u00fcnftigen Bauteile in Qualit\u00e4t und Preis dauerhaft \u00fcberzeugen werden.","og_url":"https:\/\/plastium.com\/en\/quality-assurance\/","og_site_name":"Plastium","article_modified_time":"2026-04-21T11:15:07+00:00","twitter_card":"summary_large_image","twitter_misc":{"Est. reading time":"4 minutes"},"schema":{"@context":"https:\/\/schema.org","@graph":[{"@type":"WebPage","@id":"https:\/\/plastium.com\/en\/quality-assurance\/","url":"https:\/\/plastium.com\/en\/quality-assurance\/","name":"Quality assurance - Plastium","isPartOf":{"@id":"https:\/\/www.plastium.com\/en\/#website"},"datePublished":"2022-09-21T08:42:50+00:00","dateModified":"2026-04-21T11:15:07+00:00","description":"Mit unserem CAQ-System stellen wir sicher, dass Ihre zuk\u00fcnftigen Bauteile in Qualit\u00e4t und Preis dauerhaft \u00fcberzeugen werden.","breadcrumb":{"@id":"https:\/\/plastium.com\/en\/quality-assurance\/#breadcrumb"},"inLanguage":"en-US","potentialAction":[{"@type":"ReadAction","target":["https:\/\/plastium.com\/en\/quality-assurance\/"]}]},{"@type":"BreadcrumbList","@id":"https:\/\/plastium.com\/en\/quality-assurance\/#breadcrumb","itemListElement":[{"@type":"ListItem","position":1,"name":"Startseite","item":"https:\/\/plastium.com\/en\/home\/"},{"@type":"ListItem","position":2,"name":"Quality assurance"}]},{"@type":"WebSite","@id":"https:\/\/www.plastium.com\/en\/#website","url":"https:\/\/www.plastium.com\/en\/","name":"Plastium","description":"Innovative Spritzgusstechnik","potentialAction":[{"@type":"SearchAction","target":{"@type":"EntryPoint","urlTemplate":"https:\/\/www.plastium.com\/en\/?s={search_term_string}"},"query-input":{"@type":"PropertyValueSpecification","valueRequired":true,"valueName":"search_term_string"}}],"inLanguage":"en-US"}]}},"_links":{"self":[{"href":"https:\/\/plastium.com\/en\/wp-json\/wp\/v2\/pages\/55665","targetHints":{"allow":["GET"]}}],"collection":[{"href":"https:\/\/plastium.com\/en\/wp-json\/wp\/v2\/pages"}],"about":[{"href":"https:\/\/plastium.com\/en\/wp-json\/wp\/v2\/types\/page"}],"author":[{"embeddable":true,"href":"https:\/\/plastium.com\/en\/wp-json\/wp\/v2\/users\/3"}],"replies":[{"embeddable":true,"href":"https:\/\/plastium.com\/en\/wp-json\/wp\/v2\/comments?post=55665"}],"version-history":[{"count":0,"href":"https:\/\/plastium.com\/en\/wp-json\/wp\/v2\/pages\/55665\/revisions"}],"wp:attachment":[{"href":"https:\/\/plastium.com\/en\/wp-json\/wp\/v2\/media?parent=55665"}],"curies":[{"name":"wp","href":"https:\/\/api.w.org\/{rel}","templated":true}]}}