{"id":55644,"date":"2022-09-21T10:43:11","date_gmt":"2022-09-21T08:43:11","guid":{"rendered":"https:\/\/plastium.com\/karriere\/"},"modified":"2023-11-29T11:11:06","modified_gmt":"2023-11-29T10:11:06","slug":"career","status":"publish","type":"page","link":"https:\/\/plastium.com\/en\/career\/","title":{"rendered":"Career"},"content":{"rendered":"<p>[et_pb_section fb_built=&#8221;1&#8243; module_class=&#8221;main_secondary_section white_text&#8221; _builder_version=&#8221;4.18.0&#8243; _module_preset=&#8221;default&#8221; background_image=&#8221;http:\/\/www.plastium.com\/wp-content\/uploads\/2022\/09\/modern-interior-kitchen-with-living-room-1-5.png&#8221; global_colors_info=&#8221;{}&#8221;][et_pb_row _builder_version=&#8221;4.18.0&#8243; _module_preset=&#8221;default&#8221; global_colors_info=&#8221;{}&#8221;][et_pb_column type=&#8221;4_4&#8243; _builder_version=&#8221;4.18.0&#8243; _module_preset=&#8221;default&#8221; global_colors_info=&#8221;{}&#8221;][et_pb_text module_class=&#8221;mb10 common_htags&#8221; _builder_version=&#8221;4.21.0&#8243; _module_preset=&#8221;default&#8221; global_colors_info=&#8221;{}&#8221;]<\/p>\n<h1>Career<\/h1>\n<p>[\/et_pb_text][\/et_pb_column][\/et_pb_row][\/et_pb_section][et_pb_section fb_built=&#8221;1&#8243; _builder_version=&#8221;4.18.0&#8243; _module_preset=&#8221;default&#8221; global_colors_info=&#8221;{}&#8221;][et_pb_row column_structure=&#8221;1_2,1_2&#8243; use_custom_gutter=&#8221;on&#8221; module_class=&#8221;mobile_flex_row&#8221; _builder_version=&#8221;4.18.0&#8243; _module_preset=&#8221;default&#8221; global_colors_info=&#8221;{}&#8221;][et_pb_column type=&#8221;1_2&#8243; module_class=&#8221;mobile_flex_row_col&#8221; _builder_version=&#8221;4.18.0&#8243; _module_preset=&#8221;default&#8221; global_colors_info=&#8221;{}&#8221;][et_pb_text module_class=&#8221;common_htags fonts_20&#8243; _builder_version=&#8221;4.21.0&#8243; _module_preset=&#8221;default&#8221; global_colors_info=&#8221;{}&#8221;]<\/p>\n<h2>Career at Plastium<\/h2>\n<p>We are looking for employees who bring passion and know-how to Plastium. We would be happy to discuss details, prospects and tasks in a personal meeting. We look forward to receiving your application![\/et_pb_text][et_pb_button button_url=&#8221;\/en\/contact\/&#8221; button_text=&#8221;Contact us&#8221; button_alignment=&#8221;left&#8221; module_class=&#8221;common_button&#8221; _builder_version=&#8221;4.21.0&#8243; _module_preset=&#8221;default&#8221; hover_enabled=&#8221;0&#8243; global_colors_info=&#8221;{}&#8221; sticky_enabled=&#8221;0&#8243;][\/et_pb_button][\/et_pb_column][et_pb_column type=&#8221;1_2&#8243; _builder_version=&#8221;4.18.0&#8243; _module_preset=&#8221;default&#8221; global_colors_info=&#8221;{}&#8221;][et_pb_image src=&#8221;http:\/\/www.plastium.com\/wp-content\/uploads\/2022\/09\/image-66-14.png&#8221; title_text=&#8221;image 66 (14)&#8221; module_class=&#8221;full_image_width&#8221; _builder_version=&#8221;4.18.0&#8243; _module_preset=&#8221;default&#8221; global_colors_info=&#8221;{}&#8221;][\/et_pb_image][\/et_pb_column][\/et_pb_row][\/et_pb_section][et_pb_section fb_built=&#8221;1&#8243; module_class=&#8221;unendliche_section &#8221; _builder_version=&#8221;4.21.0&#8243; _module_preset=&#8221;default&#8221; background_color=&#8221;#f8f8f8&#8243; background_enable_image=&#8221;off&#8221; global_colors_info=&#8221;{}&#8221;][et_pb_row module_class=&#8221;unendliche_section_row white_text&#8221; _builder_version=&#8221;4.18.0&#8243; _module_preset=&#8221;default&#8221; max_width=&#8221;1000px&#8221; global_colors_info=&#8221;{}&#8221;][et_pb_column type=&#8221;4_4&#8243; _builder_version=&#8221;4.18.0&#8243; _module_preset=&#8221;default&#8221; global_colors_info=&#8221;{}&#8221;][et_pb_text module_class=&#8221;text_center common_htags fonts_20 &#8221; _builder_version=&#8221;4.21.0&#8243; _module_preset=&#8221;default&#8221; global_colors_info=&#8221;{}&#8221;]<\/p>\n<h2 style=\"color: #4d4d4d!important;\">Job offers<\/h2>\n<p>[\/et_pb_text][\/et_pb_column][\/et_pb_row][et_pb_row module_class=&#8221;jobangebote_section_row&#8221; _builder_version=&#8221;4.18.0&#8243; _module_preset=&#8221;default&#8221; global_colors_info=&#8221;{}&#8221;][et_pb_column type=&#8221;4_4&#8243; _builder_version=&#8221;4.18.0&#8243; _module_preset=&#8221;default&#8221; global_colors_info=&#8221;{}&#8221;][et_pb_toggle title=&#8221;Process mechanic plastics m\/f\/d&#8221; toggle_icon=&#8221;&#x4c;||divi||400&#8243; open_toggle_icon=&#8221;&#x4b;||divi||400&#8243; module_class=&#8221;custom_jobangebote_toggel joban_one&#8221; _builder_version=&#8221;4.21.0&#8243; _module_preset=&#8221;default&#8221; global_colors_info=&#8221;{}&#8221;]<\/p>\n<div class=\"jobangebote_content\">\n<h3>Your tasks: <\/h3>\n<ul>\n<li>Independent set-up of 1- 2K injection molding machines and automation systems<\/li>\n<li>Sampling of new molds<\/li>\n<li>Optimization of injection molding processes <\/li>\n<li>Quality and release testing<\/li>\n<\/ul>\n<\/div>\n<div class=\"jobangebote_content\">\n<h3>Your profile: <\/h3>\n<ul>\n<li>Completed vocational training as a process mechanic for plastics \/li>\n<li>Independent and self-reliant work<\/li>\n<li>High quality awareness, reliability, flexibility and team spirit <\/li>\n<li>Willingness to work shifts.<\/li>\n<\/ul>\n<\/div>\n<div class=\"jobangebote_btn\"><a href=\"mailto:jobs@plastium.com\">Apply*<\/a><\/div>\n<p>[\/et_pb_toggle][et_pb_toggle title=&#8221;Sales professional technical plastic parts m\/f\/d&#8221; toggle_icon=&#8221;&#x4c;||divi||400&#8243; open_toggle_icon=&#8221;&#x4b;||divi||400&#8243; module_class=&#8221;custom_jobangebote_toggel joban_three&#8221; _builder_version=&#8221;4.21.0&#8243; _module_preset=&#8221;default&#8221; global_colors_info=&#8221;{}&#8221;]<\/p>\n<div class=\"jobangebote_content\">\n<h3>Your tasks:<\/h3>\n<ul>\n<li>Acquisition of new customers<\/li>\n<li>Development of new sales markets<\/li>\n<li>Support of existing customers<\/li>\n<li>Market observation and competitive analyses<\/li>\n<\/ul>\n<\/div>\n<div class=\"jobangebote_content\">\n<h3>Your profile:<\/h3>\n<ul>\n<li>several years of sales experience in the plastics industry<\/li>\n<li>Technical understanding<\/li>\n<li>Confident interaction with customers<\/li>\n<li>Ability to work in a team<\/li>\n<\/ul>\n<\/div>\n<div class=\"jobangebote_btn\"><a href=\"mailto:jobs@plastium.com\">Apply*<\/a><\/div>\n<p>[\/et_pb_toggle][\/et_pb_column][\/et_pb_row][\/et_pb_section]<\/p>\n","protected":false},"excerpt":{"rendered":"<p>CareerCareer at Plastium We are looking for employees who bring passion and know-how to Plastium. We would be happy to discuss details, prospects and tasks in a personal meeting. We look forward to receiving your application!Job offers Your tasks: Independent set-up of 1- 2K injection molding machines and automation systems Sampling of new molds Optimization [&hellip;]<\/p>\n","protected":false},"author":3,"featured_media":0,"parent":0,"menu_order":0,"comment_status":"closed","ping_status":"closed","template":"","meta":{"_et_pb_use_builder":"on","_et_pb_old_content":"","_et_gb_content_width":"","footnotes":""},"class_list":["post-55644","page","type-page","status-publish","hentry"],"yoast_head":"<!-- This site is optimized with the Yoast SEO plugin v27.4 - https:\/\/yoast.com\/product\/yoast-seo-wordpress\/ -->\n<title>Career - Plastium<\/title>\n<meta name=\"description\" content=\"Gerne besprechen wir Details, Aussichten und Aufgaben in einem pers\u00f6nlichen Gespr\u00e4ch. Wir freuen uns \u00fcber Ihre Bewerbung\" \/>\n<meta name=\"robots\" content=\"index, follow, max-snippet:-1, max-image-preview:large, max-video-preview:-1\" \/>\n<link rel=\"canonical\" href=\"https:\/\/plastium.com\/karriere\/\" \/>\n<meta property=\"og:locale\" content=\"en_US\" \/>\n<meta property=\"og:type\" content=\"article\" \/>\n<meta property=\"og:title\" content=\"Career - Plastium\" \/>\n<meta property=\"og:description\" content=\"Gerne besprechen wir Details, Aussichten und Aufgaben in einem pers\u00f6nlichen Gespr\u00e4ch. Wir freuen uns \u00fcber Ihre Bewerbung\" \/>\n<meta property=\"og:url\" content=\"https:\/\/plastium.com\/karriere\/\" \/>\n<meta property=\"og:site_name\" content=\"Plastium\" \/>\n<meta property=\"article:modified_time\" content=\"2023-11-29T10:11:06+00:00\" \/>\n<meta name=\"twitter:card\" content=\"summary_large_image\" \/>\n<meta name=\"twitter:label1\" content=\"Est. reading time\" \/>\n\t<meta name=\"twitter:data1\" content=\"2 minutes\" \/>\n<script type=\"application\/ld+json\" class=\"yoast-schema-graph\">{\"@context\":\"https:\\\/\\\/schema.org\",\"@graph\":[{\"@type\":\"WebPage\",\"@id\":\"https:\\\/\\\/plastium.com\\\/karriere\\\/\",\"url\":\"https:\\\/\\\/plastium.com\\\/karriere\\\/\",\"name\":\"Career - Plastium\",\"isPartOf\":{\"@id\":\"https:\\\/\\\/www.plastium.com\\\/en\\\/#website\"},\"datePublished\":\"2022-09-21T08:43:11+00:00\",\"dateModified\":\"2023-11-29T10:11:06+00:00\",\"description\":\"Gerne besprechen wir Details, Aussichten und Aufgaben in einem pers\u00f6nlichen Gespr\u00e4ch. Wir freuen uns \u00fcber Ihre Bewerbung\",\"breadcrumb\":{\"@id\":\"https:\\\/\\\/plastium.com\\\/karriere\\\/#breadcrumb\"},\"inLanguage\":\"en-US\",\"potentialAction\":[{\"@type\":\"ReadAction\",\"target\":[\"https:\\\/\\\/plastium.com\\\/karriere\\\/\"]}]},{\"@type\":\"BreadcrumbList\",\"@id\":\"https:\\\/\\\/plastium.com\\\/karriere\\\/#breadcrumb\",\"itemListElement\":[{\"@type\":\"ListItem\",\"position\":1,\"name\":\"Startseite\",\"item\":\"https:\\\/\\\/plastium.com\\\/en\\\/home\\\/\"},{\"@type\":\"ListItem\",\"position\":2,\"name\":\"Career\"}]},{\"@type\":\"WebSite\",\"@id\":\"https:\\\/\\\/www.plastium.com\\\/en\\\/#website\",\"url\":\"https:\\\/\\\/www.plastium.com\\\/en\\\/\",\"name\":\"Plastium\",\"description\":\"Innovative Spritzgusstechnik\",\"potentialAction\":[{\"@type\":\"SearchAction\",\"target\":{\"@type\":\"EntryPoint\",\"urlTemplate\":\"https:\\\/\\\/www.plastium.com\\\/en\\\/?s={search_term_string}\"},\"query-input\":{\"@type\":\"PropertyValueSpecification\",\"valueRequired\":true,\"valueName\":\"search_term_string\"}}],\"inLanguage\":\"en-US\"}]}<\/script>\n<!-- \/ Yoast SEO plugin. -->","yoast_head_json":{"title":"Career - Plastium","description":"Gerne besprechen wir Details, Aussichten und Aufgaben in einem pers\u00f6nlichen Gespr\u00e4ch. Wir freuen uns \u00fcber Ihre Bewerbung","robots":{"index":"index","follow":"follow","max-snippet":"max-snippet:-1","max-image-preview":"max-image-preview:large","max-video-preview":"max-video-preview:-1"},"canonical":"https:\/\/plastium.com\/karriere\/","og_locale":"en_US","og_type":"article","og_title":"Career - Plastium","og_description":"Gerne besprechen wir Details, Aussichten und Aufgaben in einem pers\u00f6nlichen Gespr\u00e4ch. Wir freuen uns \u00fcber Ihre Bewerbung","og_url":"https:\/\/plastium.com\/karriere\/","og_site_name":"Plastium","article_modified_time":"2023-11-29T10:11:06+00:00","twitter_card":"summary_large_image","twitter_misc":{"Est. reading time":"2 minutes"},"schema":{"@context":"https:\/\/schema.org","@graph":[{"@type":"WebPage","@id":"https:\/\/plastium.com\/karriere\/","url":"https:\/\/plastium.com\/karriere\/","name":"Career - Plastium","isPartOf":{"@id":"https:\/\/www.plastium.com\/en\/#website"},"datePublished":"2022-09-21T08:43:11+00:00","dateModified":"2023-11-29T10:11:06+00:00","description":"Gerne besprechen wir Details, Aussichten und Aufgaben in einem pers\u00f6nlichen Gespr\u00e4ch. Wir freuen uns \u00fcber Ihre Bewerbung","breadcrumb":{"@id":"https:\/\/plastium.com\/karriere\/#breadcrumb"},"inLanguage":"en-US","potentialAction":[{"@type":"ReadAction","target":["https:\/\/plastium.com\/karriere\/"]}]},{"@type":"BreadcrumbList","@id":"https:\/\/plastium.com\/karriere\/#breadcrumb","itemListElement":[{"@type":"ListItem","position":1,"name":"Startseite","item":"https:\/\/plastium.com\/en\/home\/"},{"@type":"ListItem","position":2,"name":"Career"}]},{"@type":"WebSite","@id":"https:\/\/www.plastium.com\/en\/#website","url":"https:\/\/www.plastium.com\/en\/","name":"Plastium","description":"Innovative Spritzgusstechnik","potentialAction":[{"@type":"SearchAction","target":{"@type":"EntryPoint","urlTemplate":"https:\/\/www.plastium.com\/en\/?s={search_term_string}"},"query-input":{"@type":"PropertyValueSpecification","valueRequired":true,"valueName":"search_term_string"}}],"inLanguage":"en-US"}]}},"_links":{"self":[{"href":"https:\/\/plastium.com\/en\/wp-json\/wp\/v2\/pages\/55644","targetHints":{"allow":["GET"]}}],"collection":[{"href":"https:\/\/plastium.com\/en\/wp-json\/wp\/v2\/pages"}],"about":[{"href":"https:\/\/plastium.com\/en\/wp-json\/wp\/v2\/types\/page"}],"author":[{"embeddable":true,"href":"https:\/\/plastium.com\/en\/wp-json\/wp\/v2\/users\/3"}],"replies":[{"embeddable":true,"href":"https:\/\/plastium.com\/en\/wp-json\/wp\/v2\/comments?post=55644"}],"version-history":[{"count":0,"href":"https:\/\/plastium.com\/en\/wp-json\/wp\/v2\/pages\/55644\/revisions"}],"wp:attachment":[{"href":"https:\/\/plastium.com\/en\/wp-json\/wp\/v2\/media?parent=55644"}],"curies":[{"name":"wp","href":"https:\/\/api.w.org\/{rel}","templated":true}]}}